{"id":32,"date":"2018-02-15T15:15:07","date_gmt":"2018-02-15T20:15:07","guid":{"rendered":"http:\/\/comairco.com\/?page_id=32"},"modified":"2023-07-10T16:36:26","modified_gmt":"2023-07-10T20:36:26","slug":"location","status":"publish","type":"page","link":"https:\/\/mail.comairco.com\/fr\/location\/","title":{"rendered":"Location"},"content":{"rendered":"<h1><strong>LOCATION<\/strong> D&rsquo;\u00c9QUIPEMENT\u00a0<\/h1>\n<p>En tout temps, que ce soit pour une location permanente, de courte dur\u00e9e, ou simplement pour une urgence, il est possible de se procurer des compresseurs portatifs allant de 60CFM \u00e0 1600CFM, des compresseurs \u00e9lectriques allant de 5HP \u00e0 350HP.\u00a0COMAIRCO est la r\u00e9f\u00e9rence en location compresseurs et location air comprim\u00e9. Faites appel \u00e0 nos experts pour votre prochaine location compresseur!<\/p>\n","protected":false},"excerpt":{"rendered":"<p>LOCATION D&rsquo;\u00c9QUIPEMENT\u00a0 En tout temps, que ce soit pour une location permanente, de courte dur\u00e9e, ou simplement pour une urgence, il est possible de se procurer des compresseurs portatifs allant de 60CFM \u00e0 1600CFM, des compresseurs \u00e9lectriques allant de 5HP \u00e0 350HP.\u00a0COMAIRCO est la r\u00e9f\u00e9rence en location compresseurs et location air comprim\u00e9. Faites appel \u00e0 [&hellip;]<\/p>\n","protected":false},"author":1,"featured_media":564,"parent":0,"menu_order":0,"comment_status":"closed","ping_status":"closed","template":"template-location.php","meta":{"_acf_changed":false,"footnotes":""},"class_list":["post-32","page","type-page","status-publish","has-post-thumbnail","hentry"],"acf":[],"_links":{"self":[{"href":"https:\/\/mail.comairco.com\/fr\/wp-json\/wp\/v2\/pages\/32","targetHints":{"allow":["GET"]}}],"collection":[{"href":"https:\/\/mail.comairco.com\/fr\/wp-json\/wp\/v2\/pages"}],"about":[{"href":"https:\/\/mail.comairco.com\/fr\/wp-json\/wp\/v2\/types\/page"}],"author":[{"embeddable":true,"href":"https:\/\/mail.comairco.com\/fr\/wp-json\/wp\/v2\/users\/1"}],"replies":[{"embeddable":true,"href":"https:\/\/mail.comairco.com\/fr\/wp-json\/wp\/v2\/comments?post=32"}],"version-history":[{"count":0,"href":"https:\/\/mail.comairco.com\/fr\/wp-json\/wp\/v2\/pages\/32\/revisions"}],"wp:featuredmedia":[{"embeddable":true,"href":"https:\/\/mail.comairco.com\/fr\/wp-json\/wp\/v2\/media\/564"}],"wp:attachment":[{"href":"https:\/\/mail.comairco.com\/fr\/wp-json\/wp\/v2\/media?parent=32"}],"curies":[{"name":"wp","href":"https:\/\/api.w.org\/{rel}","templated":true}]}}