{"id":33,"date":"2018-02-15T15:15:23","date_gmt":"2018-02-15T20:15:23","guid":{"rendered":"http:\/\/comairco.com\/?page_id=33"},"modified":"2026-01-20T13:54:20","modified_gmt":"2026-01-20T18:54:20","slug":"a-propos","status":"publish","type":"page","link":"https:\/\/mail.comairco.com\/fr\/a-propos\/","title":{"rendered":"D\u00e9couvrez Comairco"},"content":{"rendered":"<p>Depuis 1972, COMAIRCO offre des conseils en mati\u00e8re d\u2019achat, de location de compresseurs d\u2019air et d\u2019\u00e9quipements d\u2019air comprim\u00e9 industriel. La notori\u00e9t\u00e9 de COMAIRCO n\u2019est plus \u00e0 faire.<\/p>\n","protected":false},"excerpt":{"rendered":"<p>Depuis 1972, COMAIRCO offre des conseils en mati\u00e8re d\u2019achat, de location de compresseurs d\u2019air et d\u2019\u00e9quipements d\u2019air comprim\u00e9 industriel. La notori\u00e9t\u00e9 de COMAIRCO n\u2019est plus \u00e0 faire.<\/p>\n","protected":false},"author":1,"featured_media":1832,"parent":0,"menu_order":0,"comment_status":"closed","ping_status":"closed","template":"template-modulaire.php","meta":{"_acf_changed":false,"footnotes":""},"class_list":["post-33","page","type-page","status-publish","has-post-thumbnail","hentry"],"acf":[],"_links":{"self":[{"href":"https:\/\/mail.comairco.com\/fr\/wp-json\/wp\/v2\/pages\/33","targetHints":{"allow":["GET"]}}],"collection":[{"href":"https:\/\/mail.comairco.com\/fr\/wp-json\/wp\/v2\/pages"}],"about":[{"href":"https:\/\/mail.comairco.com\/fr\/wp-json\/wp\/v2\/types\/page"}],"author":[{"embeddable":true,"href":"https:\/\/mail.comairco.com\/fr\/wp-json\/wp\/v2\/users\/1"}],"replies":[{"embeddable":true,"href":"https:\/\/mail.comairco.com\/fr\/wp-json\/wp\/v2\/comments?post=33"}],"version-history":[{"count":0,"href":"https:\/\/mail.comairco.com\/fr\/wp-json\/wp\/v2\/pages\/33\/revisions"}],"wp:featuredmedia":[{"embeddable":true,"href":"https:\/\/mail.comairco.com\/fr\/wp-json\/wp\/v2\/media\/1832"}],"wp:attachment":[{"href":"https:\/\/mail.comairco.com\/fr\/wp-json\/wp\/v2\/media?parent=33"}],"curies":[{"name":"wp","href":"https:\/\/api.w.org\/{rel}","templated":true}]}}