{"id":34,"date":"2018-02-15T15:15:41","date_gmt":"2018-02-15T20:15:41","guid":{"rendered":"http:\/\/comairco.com\/?page_id=34"},"modified":"2024-12-19T15:58:01","modified_gmt":"2024-12-19T20:58:01","slug":"carrieres","status":"publish","type":"page","link":"https:\/\/mail.comairco.com\/fr\/carrieres\/","title":{"rendered":"Rejoindre l&rsquo;\u00e9quipe"},"content":{"rendered":"<p><strong>Chez Comairco, les employ\u00e9s sont au c\u0153ur de notre succ\u00e8s depuis 1972 ! <\/strong><\/p>\n<p><strong>Si tu veux faire carri\u00e8re dans une entreprise familiale, dont les principales valeurs sont le travail d&rsquo;\u00e9quipe et le d\u00e9veloppement des comp\u00e9tences, rejoins notre \u00e9quipe !<\/strong><\/p>\n","protected":false},"excerpt":{"rendered":"<p>Chez Comairco, les employ\u00e9s sont au c\u0153ur de notre succ\u00e8s depuis 1972 ! Si tu veux faire carri\u00e8re dans une entreprise familiale, dont les principales valeurs sont le travail d&rsquo;\u00e9quipe et le d\u00e9veloppement des comp\u00e9tences, rejoins notre \u00e9quipe !<\/p>\n","protected":false},"author":1,"featured_media":2924,"parent":0,"menu_order":0,"comment_status":"closed","ping_status":"closed","template":"template-carrieres.php","meta":{"_acf_changed":false,"footnotes":""},"class_list":["post-34","page","type-page","status-publish","has-post-thumbnail","hentry"],"acf":[],"_links":{"self":[{"href":"https:\/\/mail.comairco.com\/fr\/wp-json\/wp\/v2\/pages\/34","targetHints":{"allow":["GET"]}}],"collection":[{"href":"https:\/\/mail.comairco.com\/fr\/wp-json\/wp\/v2\/pages"}],"about":[{"href":"https:\/\/mail.comairco.com\/fr\/wp-json\/wp\/v2\/types\/page"}],"author":[{"embeddable":true,"href":"https:\/\/mail.comairco.com\/fr\/wp-json\/wp\/v2\/users\/1"}],"replies":[{"embeddable":true,"href":"https:\/\/mail.comairco.com\/fr\/wp-json\/wp\/v2\/comments?post=34"}],"version-history":[{"count":0,"href":"https:\/\/mail.comairco.com\/fr\/wp-json\/wp\/v2\/pages\/34\/revisions"}],"wp:featuredmedia":[{"embeddable":true,"href":"https:\/\/mail.comairco.com\/fr\/wp-json\/wp\/v2\/media\/2924"}],"wp:attachment":[{"href":"https:\/\/mail.comairco.com\/fr\/wp-json\/wp\/v2\/media?parent=34"}],"curies":[{"name":"wp","href":"https:\/\/api.w.org\/{rel}","templated":true}]}}